{"id":3,"date":"2024-10-10T15:56:10","date_gmt":"2024-10-10T15:56:10","guid":{"rendered":"https:\/\/www.visitmontemornovo.com\/?page_id=3"},"modified":"2025-04-15T12:49:41","modified_gmt":"2025-04-15T11:49:41","slug":"privacy-policy","status":"publish","type":"page","link":"https:\/\/www.visitmontemornovo.com\/en\/politica-de-privacidade\/","title":{"rendered":"Privacy Policy"},"content":{"rendered":"<div data-elementor-type=\"wp-page\" data-elementor-id=\"3\" class=\"elementor elementor-3\" data-elementor-post-type=\"page\">\n\t\t\t\t<div class=\"elementor-element elementor-element-6f80763 e-flex e-con-boxed e-con e-parent\" data-id=\"6f80763\" data-element_type=\"container\" data-e-type=\"container\">\n\t\t\t\t\t<div class=\"e-con-inner\">\n\t\t\t\t<div class=\"elementor-element elementor-element-6e00177 elementor-widget elementor-widget-heading\" data-id=\"6e00177\" data-element_type=\"widget\" data-e-type=\"widget\" data-widget_type=\"heading.default\">\n\t\t\t\t<div class=\"elementor-widget-container\">\n\t\t\t\t\t<h2 class=\"elementor-heading-title elementor-size-default\">Privacy Policy<\/h2>\t\t\t\t<\/div>\n\t\t\t\t<\/div>\n\t\t\t\t<div class=\"elementor-element elementor-element-dc2d3f1 elementor-widget elementor-widget-heading\" data-id=\"dc2d3f1\" data-element_type=\"widget\" data-e-type=\"widget\" data-widget_type=\"heading.default\">\n\t\t\t\t<div class=\"elementor-widget-container\">\n\t\t\t\t\t<h2 class=\"elementor-heading-title elementor-size-default\">Last updated on 25 FEB 2025<\/h2>\t\t\t\t<\/div>\n\t\t\t\t<\/div>\n\t\t\t\t<div class=\"elementor-element elementor-element-a30832b elementor-widget elementor-widget-text-editor\" data-id=\"a30832b\" data-element_type=\"widget\" data-e-type=\"widget\" data-widget_type=\"text-editor.default\">\n\t\t\t\t<div class=\"elementor-widget-container\">\n\t\t\t\t\t\t\t\t\t<p>This Privacy Policy describes the policies of the Visit Montemor-o-Novo website, owned by the Municipality of Montemor-o-Novo, headquartered at Largo dos Pa\u00e7os do Concelho, 7050-127 Montemor-o-Novo, Portugal, with VAT number 506 609 553, email address <a href=\"mailto:turismo@cm-montemornovo.pt\">turismo@cm-montemornovo.pt<\/a>telephone +351266898103, about the collection, use and disclosure of your information that we collect when you use our website (<a href=\"https:\/\/www.visitmontemornovo.com\/en\/\">https:\/\/www.visitmontemornovo.com\/<\/a>), hereinafter referred to as the \"Service\".<\/p><p>By accessing or using the Service, you consent to the collection, use and disclosure of your information in accordance with this Privacy Policy. If you do not agree to this, do not access or use the Service.<\/p><p>We may modify this Privacy Policy at any time without any prior notice to you and we will post the revised Privacy Policy on the Service. The revised Policy will become effective 180 days after the revised Policy is posted on the Service and your continued access or use of the Service after that time will constitute your acceptance of the revised Privacy Policy. We therefore recommend that you periodically review this page.<\/p>\t\t\t\t\t\t\t\t<\/div>\n\t\t\t\t<\/div>\n\t\t\t\t<div class=\"elementor-element elementor-element-10d1896 elementor-widget elementor-widget-heading\" data-id=\"10d1896\" data-element_type=\"widget\" data-e-type=\"widget\" data-widget_type=\"heading.default\">\n\t\t\t\t<div class=\"elementor-widget-container\">\n\t\t\t\t\t<h2 class=\"elementor-heading-title elementor-size-default\"><b>Information we collect<\/b><\/h2>\t\t\t\t<\/div>\n\t\t\t\t<\/div>\n\t\t\t\t<div class=\"elementor-element elementor-element-ff4e296 elementor-widget elementor-widget-text-editor\" data-id=\"ff4e296\" data-element_type=\"widget\" data-e-type=\"widget\" data-widget_type=\"text-editor.default\">\n\t\t\t\t<div class=\"elementor-widget-container\">\n\t\t\t\t\t\t\t\t\t<p>We will collect and process the following personal information according to your profile:<\/p><ul class=\"wp-block-list\"><li>Visitor, a user who uses the Service with a view to consulting information and the functionalities available;<\/li><li>Economic agent, user who, in addition to using the Service as a Visitor, may also disclose their data or that of their business on the Service.<\/li><\/ul><p>\u00a0<\/p><p>In the case of a Visitor, we will collect and process the following personal information in the case of filling in the contact form:<\/p><ul><li>Name<\/li><li>Email<\/li><li>Location<\/li><\/ul><p>\u00a0<\/p><p>In the case of an Economic Agent, we will collect and process the following personal information when you fill in the contact form:<\/p><ul><li>Business Area<\/li><li>Name of establishment<\/li><li>Email<\/li><li>Address<\/li><li>Telephone<\/li><li>Name of contact person<\/li><li>Website<\/li><li>Logo and business images<\/li><li>Social media profiles<\/li><li>Other relevant information about the business, such as opening hours or descriptions.<\/li><\/ul>\t\t\t\t\t\t\t\t<\/div>\n\t\t\t\t<\/div>\n\t\t\t\t<div class=\"elementor-element elementor-element-6e5d238 elementor-widget elementor-widget-heading\" data-id=\"6e5d238\" data-element_type=\"widget\" data-e-type=\"widget\" data-widget_type=\"heading.default\">\n\t\t\t\t<div class=\"elementor-widget-container\">\n\t\t\t\t\t<h2 class=\"elementor-heading-title elementor-size-default\"><b>How we use your information<\/b><\/h2>\t\t\t\t<\/div>\n\t\t\t\t<\/div>\n\t\t\t\t<div class=\"elementor-element elementor-element-8c948c1 elementor-widget elementor-widget-text-editor\" data-id=\"8c948c1\" data-element_type=\"widget\" data-e-type=\"widget\" data-widget_type=\"text-editor.default\">\n\t\t\t\t<div class=\"elementor-widget-container\">\n\t\t\t\t\t\t\t\t\t<p>We will use the information we collect about you for the following purposes:<\/p><ul class=\"wp-block-list\"><li>Marketing\/Promotional<\/li><li>Testimonials<\/li><li>Collecting feedback<\/li><li>Support<\/li><li>Administrative information<\/li><li>Targeted advertising<\/li><li>Sending information notes, invitations or other business, tourist or cultural information<\/li><\/ul><p>\u00a0<\/p><p>If we intend to use your information for any other purpose, we will ask for your consent and use your information only after receiving your consent and then only for the purpose(s) for which consent was granted, unless we are required by law to do otherwise.<\/p>\t\t\t\t\t\t\t\t<\/div>\n\t\t\t\t<\/div>\n\t\t\t\t<div class=\"elementor-element elementor-element-11e59fb elementor-widget elementor-widget-heading\" data-id=\"11e59fb\" data-element_type=\"widget\" data-e-type=\"widget\" data-widget_type=\"heading.default\">\n\t\t\t\t<div class=\"elementor-widget-container\">\n\t\t\t\t\t<h2 class=\"elementor-heading-title elementor-size-default\"><b>How we share your information\n<\/b><\/h2>\t\t\t\t<\/div>\n\t\t\t\t<\/div>\n\t\t\t\t<div class=\"elementor-element elementor-element-18ffc07 elementor-widget elementor-widget-text-editor\" data-id=\"18ffc07\" data-element_type=\"widget\" data-e-type=\"widget\" data-widget_type=\"text-editor.default\">\n\t\t\t\t<div class=\"elementor-widget-container\">\n\t\t\t\t\t\t\t\t\t<p>We will not transfer your personal information to third parties without your consent, except in circumstances as described below:<\/p><ul class=\"wp-block-list\"><li>Google Analytics, data collection and processing<\/li><li>YouTube, for watching videos<\/li><li>Google Maps, for viewing maps<\/li><\/ul><p>\u00a0<\/p><p>We require these third parties to use the personal information we transfer to them only for the purpose for which it was transferred and not to keep it for longer than is necessary to fulfil that purpose.<\/p><p>We may also disclose your personal information for the following purposes:<\/p><ol class=\"wp-block-list\"><li>to comply with applicable law, regulation, court order or other legal process;<\/li><li>to enforce your agreements with us, including this Privacy Policy; or<\/li><li>to respond to claims that your use of the Service violates any rights of third parties.<\/li><\/ol><p>\u00a0<\/p>\t\t\t\t\t\t\t\t<\/div>\n\t\t\t\t<\/div>\n\t\t\t\t<div class=\"elementor-element elementor-element-a1bd3fe elementor-widget elementor-widget-heading\" data-id=\"a1bd3fe\" data-element_type=\"widget\" data-e-type=\"widget\" data-widget_type=\"heading.default\">\n\t\t\t\t<div class=\"elementor-widget-container\">\n\t\t\t\t\t<h2 class=\"elementor-heading-title elementor-size-default\"><b>Retention of your information<\/b><\/h2>\t\t\t\t<\/div>\n\t\t\t\t<\/div>\n\t\t\t\t<div class=\"elementor-element elementor-element-a2e1e16 elementor-widget elementor-widget-text-editor\" data-id=\"a2e1e16\" data-element_type=\"widget\" data-e-type=\"widget\" data-widget_type=\"text-editor.default\">\n\t\t\t\t<div class=\"elementor-widget-container\">\n\t\t\t\t\t\t\t\t\t<p>We will keep your personal information with us for the period of time necessary to fulfil the purposes for which it was collected, as detailed in this Privacy Policy. We may need to retain certain information for longer periods, such as record keeping\/reporting in accordance with applicable law or for other legitimate reasons, such as enforcement of legal rights, fraud prevention, etc. Residual anonymised information and aggregated information, none of which identifies you (directly or indirectly), may be stored indefinitely.<\/p>\t\t\t\t\t\t\t\t<\/div>\n\t\t\t\t<\/div>\n\t\t\t\t<div class=\"elementor-element elementor-element-fa9613b elementor-widget elementor-widget-heading\" data-id=\"fa9613b\" data-element_type=\"widget\" data-e-type=\"widget\" data-widget_type=\"heading.default\">\n\t\t\t\t<div class=\"elementor-widget-container\">\n\t\t\t\t\t<h2 class=\"elementor-heading-title elementor-size-default\"><b>Your rights<\/b><\/h2>\t\t\t\t<\/div>\n\t\t\t\t<\/div>\n\t\t\t\t<div class=\"elementor-element elementor-element-1f84945 elementor-widget elementor-widget-text-editor\" data-id=\"1f84945\" data-element_type=\"widget\" data-e-type=\"widget\" data-widget_type=\"text-editor.default\">\n\t\t\t\t<div class=\"elementor-widget-container\">\n\t\t\t\t\t\t\t\t\t<p>Depending on applicable law, you may have the right to access and rectify or erase your personal data or receive a copy of your personal data, restrict or object to active processing of your data, ask us to share (port) your personal information with another entity, withdraw any consent you have given us to process your data, the right to lodge a complaint with a statutory authority and other rights that may be relevant under applicable law. To exercise these rights, you can write to us at <a href=\"mailto:rgpd@cm-montemornovo.pt\">rgpd@cm-montemornovo.pt<\/a>. We will respond to your request in accordance with the applicable legislation.<\/p><p>Please note that if you do not authorise us to collect or process the necessary personal information or if you withdraw your consent to the processing of such information for the intended purposes, you may not be able to access or use the services for which your information was requested.<\/p>\t\t\t\t\t\t\t\t<\/div>\n\t\t\t\t<\/div>\n\t\t\t\t<div class=\"elementor-element elementor-element-2a66863 elementor-widget elementor-widget-heading\" data-id=\"2a66863\" data-element_type=\"widget\" data-e-type=\"widget\" data-widget_type=\"heading.default\">\n\t\t\t\t<div class=\"elementor-widget-container\">\n\t\t\t\t\t<h2 class=\"elementor-heading-title elementor-size-default\"><b>Security<\/b><\/h2>\t\t\t\t<\/div>\n\t\t\t\t<\/div>\n\t\t\t\t<div class=\"elementor-element elementor-element-87441b2 elementor-widget elementor-widget-text-editor\" data-id=\"87441b2\" data-element_type=\"widget\" data-e-type=\"widget\" data-widget_type=\"text-editor.default\">\n\t\t\t\t<div class=\"elementor-widget-container\">\n\t\t\t\t\t\t\t\t\t<p>The security of your information is important to us and we will use reasonable security measures to prevent the loss, misuse or unauthorised alteration of your information under our control. However, given the inherent risks, we cannot guarantee absolute security and, consequently, we cannot ensure or warrant the security of any information you transmit to us and you do so at your own risk.<\/p>\t\t\t\t\t\t\t\t<\/div>\n\t\t\t\t<\/div>\n\t\t\t\t<div class=\"elementor-element elementor-element-ed12494 elementor-widget elementor-widget-heading\" data-id=\"ed12494\" data-element_type=\"widget\" data-e-type=\"widget\" data-widget_type=\"heading.default\">\n\t\t\t\t<div class=\"elementor-widget-container\">\n\t\t\t\t\t<h2 class=\"elementor-heading-title elementor-size-default\"><b>Third-party links and use of your information<\/b><\/h2>\t\t\t\t<\/div>\n\t\t\t\t<\/div>\n\t\t\t\t<div class=\"elementor-element elementor-element-f3738b6 elementor-widget elementor-widget-text-editor\" data-id=\"f3738b6\" data-element_type=\"widget\" data-e-type=\"widget\" data-widget_type=\"text-editor.default\">\n\t\t\t\t<div class=\"elementor-widget-container\">\n\t\t\t\t\t\t\t\t\t<p>Our Service may contain links to other websites that are not operated by us. This Privacy Policy does not address the privacy policy and other practices of third parties, including any third party operating any website or service that may be accessed through a link on the Service. We strongly advise you to review the privacy policy of every website you visit. We have no control over, and assume no responsibility for, the content, privacy policies, or practices of any third party sites or services.<\/p><p>This site is protected by reCAPTCHA and its\u00a0<a href=\"https:\/\/policies.google.com\/privacy\">Privacy Policy<\/a>\u00a0e\u00a0<a href=\"https:\/\/policies.google.com\/terms\">Terms of Service<\/a>.<\/p>\t\t\t\t\t\t\t\t<\/div>\n\t\t\t\t<\/div>\n\t\t\t\t<div class=\"elementor-element elementor-element-8ecf674 elementor-widget elementor-widget-heading\" data-id=\"8ecf674\" data-element_type=\"widget\" data-e-type=\"widget\" data-widget_type=\"heading.default\">\n\t\t\t\t<div class=\"elementor-widget-container\">\n\t\t\t\t\t<h2 class=\"elementor-heading-title elementor-size-default\"><b>Cookie Policy<\/b><\/h2>\t\t\t\t<\/div>\n\t\t\t\t<\/div>\n\t\t\t\t<div class=\"elementor-element elementor-element-ed95426 elementor-widget elementor-widget-text-editor\" data-id=\"ed95426\" data-element_type=\"widget\" data-e-type=\"widget\" data-widget_type=\"text-editor.default\">\n\t\t\t\t<div class=\"elementor-widget-container\">\n\t\t\t\t\t\t\t\t\t<p>The Cookie Policy for the Service can be found at <a href=\"https:\/\/www.visitmontemornovo.com\/en\/cookie-policy\/\">on this page<\/a>.<\/p>\t\t\t\t\t\t\t\t<\/div>\n\t\t\t\t<\/div>\n\t\t\t\t<div class=\"elementor-element elementor-element-d098805 elementor-widget elementor-widget-heading\" data-id=\"d098805\" data-element_type=\"widget\" data-e-type=\"widget\" data-widget_type=\"heading.default\">\n\t\t\t\t<div class=\"elementor-widget-container\">\n\t\t\t\t\t<h2 class=\"elementor-heading-title elementor-size-default\"><b>Complaint \/ Data Protection Officer<\/b><\/h2>\t\t\t\t<\/div>\n\t\t\t\t<\/div>\n\t\t\t\t<div class=\"elementor-element elementor-element-8baa593 elementor-widget elementor-widget-text-editor\" data-id=\"8baa593\" data-element_type=\"widget\" data-e-type=\"widget\" data-widget_type=\"text-editor.default\">\n\t\t\t\t<div class=\"elementor-widget-container\">\n\t\t\t\t\t\t\t\t\t<p>If you have any doubts or questions about the processing of your information that is available with us, you can send an e-mail to our Data Protection Officer at the Municipality of Montemor-o-Novo, located at Largo dos Pa\u00e7os do Concelho, 7050-127 Montemor-o-Novo, Portugal, with VAT number 506 609 553, telephone number +351266898103, e-mail address <a href=\"mailto:rgpd@cm-montemornovo.pt\">rgpd@cm-montemornovo.pt<\/a>. We will deal with your enquiries in accordance with the applicable legislation.<\/p>\t\t\t\t\t\t\t\t<\/div>\n\t\t\t\t<\/div>\n\t\t\t\t\t<\/div>\n\t\t\t\t<\/div>\n\t\t\t\t<\/div>","protected":false},"excerpt":{"rendered":"<p>Pol\u00edtica de Privacidade \u00daltima atualiza\u00e7\u00e3o em 25 FEV 2025 Esta Pol\u00edtica de Privacidade descreve as pol\u00edticas do Portal Visit Montemor-o-Novo, propriedade do Munic\u00edpio de Montemor-o-Novo, sediado no Largo dos Pa\u00e7os do Concelho, 7050-127 Montemor-o-Novo, Portugal, com o NIF 506 609 553, com o email turismo@cm-montemornovo.pt, com o telefone +351266898103, sobre a recolha, utiliza\u00e7\u00e3o e divulga\u00e7\u00e3o [&hellip;]<\/p>\n","protected":false},"author":1,"featured_media":0,"parent":0,"menu_order":99,"comment_status":"closed","ping_status":"closed","template":"","meta":{"footnotes":""},"class_list":["post-3","page","type-page","status-publish","hentry"],"yoast_head":"<!-- This site is optimized with the Yoast SEO plugin v27.0 - https:\/\/yoast.com\/product\/yoast-seo-wordpress\/ -->\n<title>Pol\u00edtica de Privacidade | Visit Montemor-o-Novo<\/title>\n<meta name=\"robots\" content=\"index, follow, max-snippet:-1, max-image-preview:large, max-video-preview:-1\" \/>\n<link rel=\"canonical\" href=\"https:\/\/www.visitmontemornovo.com\/en\/privacy-policy\/\" \/>\n<meta property=\"og:locale\" content=\"en_GB\" \/>\n<meta property=\"og:type\" content=\"article\" \/>\n<meta property=\"og:title\" content=\"Pol\u00edtica de Privacidade | Visit Montemor-o-Novo\" \/>\n<meta property=\"og:description\" content=\"Pol\u00edtica de Privacidade \u00daltima atualiza\u00e7\u00e3o em 25 FEV 2025 Esta Pol\u00edtica de Privacidade descreve as pol\u00edticas do Portal Visit Montemor-o-Novo, propriedade do Munic\u00edpio de Montemor-o-Novo, sediado no Largo dos Pa\u00e7os do Concelho, 7050-127 Montemor-o-Novo, Portugal, com o NIF 506 609 553, com o email turismo@cm-montemornovo.pt, com o telefone +351266898103, sobre a recolha, utiliza\u00e7\u00e3o e divulga\u00e7\u00e3o [&hellip;]\" \/>\n<meta property=\"og:url\" content=\"https:\/\/www.visitmontemornovo.com\/en\/privacy-policy\/\" \/>\n<meta property=\"og:site_name\" content=\"Visit Montemor-o-Novo\" \/>\n<meta property=\"article:publisher\" content=\"https:\/\/www.facebook.com\/portalvisitmontemornovo\" \/>\n<meta property=\"article:modified_time\" content=\"2025-04-15T11:49:41+00:00\" \/>\n<meta property=\"og:image\" content=\"https:\/\/www.visitmontemornovo.com\/wp-content\/uploads\/2025\/02\/intro_video.jpg\" \/>\n\t<meta property=\"og:image:width\" content=\"1920\" \/>\n\t<meta property=\"og:image:height\" content=\"1080\" \/>\n\t<meta property=\"og:image:type\" content=\"image\/jpeg\" \/>\n<meta name=\"twitter:card\" content=\"summary_large_image\" \/>\n<meta name=\"twitter:label1\" content=\"Estimated reading time\" \/>\n\t<meta name=\"twitter:data1\" content=\"6 minutes\" \/>\n<script type=\"application\/ld+json\" class=\"yoast-schema-graph\">{\"@context\":\"https:\/\/schema.org\",\"@graph\":[{\"@type\":\"WebPage\",\"@id\":\"https:\/\/www.visitmontemornovo.com\/politica-de-privacidade\/\",\"url\":\"https:\/\/www.visitmontemornovo.com\/politica-de-privacidade\/\",\"name\":\"Pol\u00edtica de Privacidade | Visit Montemor-o-Novo\",\"isPartOf\":{\"@id\":\"https:\/\/www.visitmontemornovo.com\/#website\"},\"datePublished\":\"2024-10-10T15:56:10+00:00\",\"dateModified\":\"2025-04-15T11:49:41+00:00\",\"breadcrumb\":{\"@id\":\"https:\/\/www.visitmontemornovo.com\/politica-de-privacidade\/#breadcrumb\"},\"inLanguage\":\"en-GB\",\"potentialAction\":[{\"@type\":\"ReadAction\",\"target\":[\"https:\/\/www.visitmontemornovo.com\/politica-de-privacidade\/\"]}]},{\"@type\":\"BreadcrumbList\",\"@id\":\"https:\/\/www.visitmontemornovo.com\/politica-de-privacidade\/#breadcrumb\",\"itemListElement\":[{\"@type\":\"ListItem\",\"position\":1,\"name\":\"In\u00edcio\",\"item\":\"https:\/\/www.visitmontemornovo.com\/\"},{\"@type\":\"ListItem\",\"position\":2,\"name\":\"Pol\u00edtica de Privacidade\"}]},{\"@type\":\"WebSite\",\"@id\":\"https:\/\/www.visitmontemornovo.com\/#website\",\"url\":\"https:\/\/www.visitmontemornovo.com\/\",\"name\":\"Visit Montemor-o-Novo\",\"description\":\"Portal de Turismo\",\"publisher\":{\"@id\":\"https:\/\/www.visitmontemornovo.com\/#organization\"},\"potentialAction\":[{\"@type\":\"SearchAction\",\"target\":{\"@type\":\"EntryPoint\",\"urlTemplate\":\"https:\/\/www.visitmontemornovo.com\/?s={search_term_string}\"},\"query-input\":{\"@type\":\"PropertyValueSpecification\",\"valueRequired\":true,\"valueName\":\"search_term_string\"}}],\"inLanguage\":\"en-GB\"},{\"@type\":\"Organization\",\"@id\":\"https:\/\/www.visitmontemornovo.com\/#organization\",\"name\":\"Visit Montemor-o-Novo\",\"url\":\"https:\/\/www.visitmontemornovo.com\/\",\"logo\":{\"@type\":\"ImageObject\",\"inLanguage\":\"en-GB\",\"@id\":\"https:\/\/www.visitmontemornovo.com\/#\/schema\/logo\/image\/\",\"url\":\"https:\/\/www.visitmontemornovo.com\/wp-content\/uploads\/2025\/02\/logo-visit.svg\",\"contentUrl\":\"https:\/\/www.visitmontemornovo.com\/wp-content\/uploads\/2025\/02\/logo-visit.svg\",\"width\":538,\"height\":93,\"caption\":\"Visit Montemor-o-Novo\"},\"image\":{\"@id\":\"https:\/\/www.visitmontemornovo.com\/#\/schema\/logo\/image\/\"},\"sameAs\":[\"https:\/\/www.facebook.com\/portalvisitmontemornovo\",\"https:\/\/www.instagram.com\/portalvisitmontemornovo\"]}]}<\/script>\n<!-- \/ Yoast SEO plugin. -->","yoast_head_json":{"title":"Privacy Policy | Visit Montemor-o-Novo","robots":{"index":"index","follow":"follow","max-snippet":"max-snippet:-1","max-image-preview":"max-image-preview:large","max-video-preview":"max-video-preview:-1"},"canonical":"https:\/\/www.visitmontemornovo.com\/en\/privacy-policy\/","og_locale":"en_GB","og_type":"article","og_title":"Pol\u00edtica de Privacidade | Visit Montemor-o-Novo","og_description":"Pol\u00edtica de Privacidade \u00daltima atualiza\u00e7\u00e3o em 25 FEV 2025 Esta Pol\u00edtica de Privacidade descreve as pol\u00edticas do Portal Visit Montemor-o-Novo, propriedade do Munic\u00edpio de Montemor-o-Novo, sediado no Largo dos Pa\u00e7os do Concelho, 7050-127 Montemor-o-Novo, Portugal, com o NIF 506 609 553, com o email turismo@cm-montemornovo.pt, com o telefone +351266898103, sobre a recolha, utiliza\u00e7\u00e3o e divulga\u00e7\u00e3o [&hellip;]","og_url":"https:\/\/www.visitmontemornovo.com\/en\/privacy-policy\/","og_site_name":"Visit Montemor-o-Novo","article_publisher":"https:\/\/www.facebook.com\/portalvisitmontemornovo","article_modified_time":"2025-04-15T11:49:41+00:00","og_image":[{"width":1920,"height":1080,"url":"https:\/\/www.visitmontemornovo.com\/wp-content\/uploads\/2025\/02\/intro_video.jpg","type":"image\/jpeg"}],"twitter_card":"summary_large_image","twitter_misc":{"Estimated reading time":"6 minutes"},"schema":{"@context":"https:\/\/schema.org","@graph":[{"@type":"WebPage","@id":"https:\/\/www.visitmontemornovo.com\/politica-de-privacidade\/","url":"https:\/\/www.visitmontemornovo.com\/politica-de-privacidade\/","name":"Privacy Policy | Visit Montemor-o-Novo","isPartOf":{"@id":"https:\/\/www.visitmontemornovo.com\/#website"},"datePublished":"2024-10-10T15:56:10+00:00","dateModified":"2025-04-15T11:49:41+00:00","breadcrumb":{"@id":"https:\/\/www.visitmontemornovo.com\/politica-de-privacidade\/#breadcrumb"},"inLanguage":"en-GB","potentialAction":[{"@type":"ReadAction","target":["https:\/\/www.visitmontemornovo.com\/politica-de-privacidade\/"]}]},{"@type":"BreadcrumbList","@id":"https:\/\/www.visitmontemornovo.com\/politica-de-privacidade\/#breadcrumb","itemListElement":[{"@type":"ListItem","position":1,"name":"In\u00edcio","item":"https:\/\/www.visitmontemornovo.com\/"},{"@type":"ListItem","position":2,"name":"Pol\u00edtica de Privacidade"}]},{"@type":"WebSite","@id":"https:\/\/www.visitmontemornovo.com\/#website","url":"https:\/\/www.visitmontemornovo.com\/","name":"Visit Montemor-o-Novo","description":"Tourism Portal","publisher":{"@id":"https:\/\/www.visitmontemornovo.com\/#organization"},"potentialAction":[{"@type":"SearchAction","target":{"@type":"EntryPoint","urlTemplate":"https:\/\/www.visitmontemornovo.com\/?s={search_term_string}"},"query-input":{"@type":"PropertyValueSpecification","valueRequired":true,"valueName":"search_term_string"}}],"inLanguage":"en-GB"},{"@type":"Organization","@id":"https:\/\/www.visitmontemornovo.com\/#organization","name":"Visit Montemor-o-Novo","url":"https:\/\/www.visitmontemornovo.com\/","logo":{"@type":"ImageObject","inLanguage":"en-GB","@id":"https:\/\/www.visitmontemornovo.com\/#\/schema\/logo\/image\/","url":"https:\/\/www.visitmontemornovo.com\/wp-content\/uploads\/2025\/02\/logo-visit.svg","contentUrl":"https:\/\/www.visitmontemornovo.com\/wp-content\/uploads\/2025\/02\/logo-visit.svg","width":538,"height":93,"caption":"Visit Montemor-o-Novo"},"image":{"@id":"https:\/\/www.visitmontemornovo.com\/#\/schema\/logo\/image\/"},"sameAs":["https:\/\/www.facebook.com\/portalvisitmontemornovo","https:\/\/www.instagram.com\/portalvisitmontemornovo"]}]}},"_links":{"self":[{"href":"https:\/\/www.visitmontemornovo.com\/en\/wp-json\/wp\/v2\/pages\/3","targetHints":{"allow":["GET"]}}],"collection":[{"href":"https:\/\/www.visitmontemornovo.com\/en\/wp-json\/wp\/v2\/pages"}],"about":[{"href":"https:\/\/www.visitmontemornovo.com\/en\/wp-json\/wp\/v2\/types\/page"}],"author":[{"embeddable":true,"href":"https:\/\/www.visitmontemornovo.com\/en\/wp-json\/wp\/v2\/users\/1"}],"replies":[{"embeddable":true,"href":"https:\/\/www.visitmontemornovo.com\/en\/wp-json\/wp\/v2\/comments?post=3"}],"version-history":[{"count":5,"href":"https:\/\/www.visitmontemornovo.com\/en\/wp-json\/wp\/v2\/pages\/3\/revisions"}],"predecessor-version":[{"id":10465,"href":"https:\/\/www.visitmontemornovo.com\/en\/wp-json\/wp\/v2\/pages\/3\/revisions\/10465"}],"wp:attachment":[{"href":"https:\/\/www.visitmontemornovo.com\/en\/wp-json\/wp\/v2\/media?parent=3"}],"curies":[{"name":"wp","href":"https:\/\/api.w.org\/{rel}","templated":true}]}}